{"id":530,"date":"2023-03-31T13:33:32","date_gmt":"2023-03-31T11:33:32","guid":{"rendered":"https:\/\/violaine-p.com\/?page_id=530"},"modified":"2023-03-31T14:20:11","modified_gmt":"2023-03-31T12:20:11","slug":"blog","status":"publish","type":"page","link":"https:\/\/violaine-p.com\/index.php\/blog\/","title":{"rendered":"Blog"},"content":{"rendered":"\t\t<div data-elementor-type=\"wp-page\" data-elementor-id=\"530\" class=\"elementor elementor-530\">\n\t\t\t\t\t\t\t\t\t<section class=\"elementor-section elementor-top-section elementor-element elementor-element-bf24e0a elementor-section-boxed elementor-section-height-default elementor-section-height-default\" data-id=\"bf24e0a\" data-element_type=\"section\">\n\t\t\t\t\t\t<div class=\"elementor-container elementor-column-gap-default\">\n\t\t\t\t\t<div class=\"elementor-column elementor-col-100 elementor-top-column elementor-element elementor-element-3a0874e\" data-id=\"3a0874e\" data-element_type=\"column\">\n\t\t\t<div class=\"elementor-widget-wrap elementor-element-populated\">\n\t\t\t\t\t\t\t\t<div class=\"elementor-element elementor-element-71634fe elementor-widget elementor-widget-spacer\" data-id=\"71634fe\" data-element_type=\"widget\" data-widget_type=\"spacer.default\">\n\t\t\t\t<div class=\"elementor-widget-container\">\n\t\t\t<style>\/*! elementor - v3.16.0 - 17-10-2023 *\/\n.elementor-column .elementor-spacer-inner{height:var(--spacer-size)}.e-con{--container-widget-width:100%}.e-con-inner>.elementor-widget-spacer,.e-con>.elementor-widget-spacer{width:var(--container-widget-width,var(--spacer-size));--align-self:var(--container-widget-align-self,initial);--flex-shrink:0}.e-con-inner>.elementor-widget-spacer>.elementor-widget-container,.e-con>.elementor-widget-spacer>.elementor-widget-container{height:100%;width:100%}.e-con-inner>.elementor-widget-spacer>.elementor-widget-container>.elementor-spacer,.e-con>.elementor-widget-spacer>.elementor-widget-container>.elementor-spacer{height:100%}.e-con-inner>.elementor-widget-spacer>.elementor-widget-container>.elementor-spacer>.elementor-spacer-inner,.e-con>.elementor-widget-spacer>.elementor-widget-container>.elementor-spacer>.elementor-spacer-inner{height:var(--container-widget-height,var(--spacer-size))}.e-con-inner>.elementor-widget-spacer.elementor-widget-empty,.e-con>.elementor-widget-spacer.elementor-widget-empty{position:relative;min-height:22px;min-width:22px}.e-con-inner>.elementor-widget-spacer.elementor-widget-empty .elementor-widget-empty-icon,.e-con>.elementor-widget-spacer.elementor-widget-empty .elementor-widget-empty-icon{position:absolute;top:0;bottom:0;left:0;right:0;margin:auto;padding:0;width:22px;height:22px}<\/style>\t\t<div class=\"elementor-spacer\">\n\t\t\t<div class=\"elementor-spacer-inner\"><\/div>\n\t\t<\/div>\n\t\t\t\t<\/div>\n\t\t\t\t<\/div>\n\t\t\t\t<div class=\"elementor-element elementor-element-98e2a88 meta-visibility-show title-default title_position_default title_hover_border_default img_hover_animation_default meta_position_default tpg-is-author-icon-show author-image-visibility-image tpg-category-position-default readmore-btn-default-style grid-hover-overlay-type-always tpg-el-box-border-enable tpg-border-bottom-disable elementor-widget elementor-widget-tpg-grid-layout\" data-id=\"98e2a88\" data-element_type=\"widget\" data-widget_type=\"tpg-grid-layout.default\">\n\t\t\t\t<div class=\"elementor-widget-container\">\n\t\t\t        <div class=\"rt-container-fluid rt-tpg-container tpg-el-main-wrapper clearfix grid-layout1-main\"\r\n             id=\"rt-tpg-container-1537170334\"\r\n             data-layout=\"grid-layout1\"\r\n             data-grid-style=\"tpg-full-height\"\r\n             data-sc-id=\"elementor\"\r\n             data-el-settings=''\r\n             data-el-query=''\r\n             data-el-path=''\r\n        >\r\n\r\n\t\t\t<div class='tpg-header-wrapper '><\/div>\r\n            <div data-title=\"Loading ...\" class=\"rt-row rt-content-loader grid-layout1 grid-behaviour tpg-full-height grid_layout_wrapper\">\r\n\t\t\t\t\r\n<div class=\"rt-col-md-4 rt-col-sm-6 rt-col-xs-12 default rt-grid-item post-512 post type-post status-publish format-standard has-post-thumbnail hentry category-real-estate tag-immobilier tag-malaga tag-real-estate\"\t\tdata-id=\"512\">\r\n\t<div class=\"rt-holder tpg-post-holder\">\r\n\t\t<div class=\"rt-detail rt-el-content-wrapper\">\r\n\t\t\t\t\t\t\t<div class=\"rt-img-holder tpg-el-image-wrap has-thumbnail\">\r\n\t\t\t\t\t<a data-id=\"512\" href=\"https:\/\/violaine-p.com\/index.php\/2023\/03\/31\/magnifique-malaga-une-renaissance-de-limmobilier\/\" class=\"tpg-post-link\" target=\"_self\">                        <img loading=\"lazy\" decoding=\"async\" src=\"https:\/\/violaine-p.com\/wp-content\/uploads\/2023\/04\/6-768x355.jpg\"\r\n                             class=\"rt-img-responsive\"\r\n                             width=\"768\"\r\n                             height=\"355\"\r\n                             alt=\"Magnifique Malaga : une renaissance de l&#8217;immobilier !\">\r\n\t\t\t\t\t\t\r\n\t\t\t\t\t\t\t\r\n\t\t<\/a>\r\n\t\t        <div class=\"overlay grid-hover-content\"><\/div>\r\n\t\t\t\t\t\t<\/div>\r\n\t\t\t\r\n\t\t\t<div class=\"entry-title-wrapper\"><h3 class=\"entry-title\"><a data-id=\"512\" href=\"https:\/\/violaine-p.com\/index.php\/2023\/03\/31\/magnifique-malaga-une-renaissance-de-limmobilier\/\" class=\"tpg-post-link\" target=\"_self\">Magnifique Malaga : une renaissance de l&#8217;immobilier !<\/a><\/h3><\/div>\r\n\t\t\t\t\t\t\t<div class=\"post-meta-tags rt-el-post-meta\">\r\n\t\t\t\t\t            <span class='author has-author-avatar'>\r\n\r\n\t\t\t\t<img alt='' src='https:\/\/secure.gravatar.com\/avatar\/f4119c7d65afedf7afc81cbb1591c25621772bee4ee276af6acf5a72860927e1?s=80&#038;d=mm&#038;r=g' class='avatar avatar-80 photo' height='80' width='80' \/><a href=\"https:\/\/violaine-p.com\/index.php\/author\/vpeltier\/\">Vpeltier<\/a>\t\t\t<\/span>\r\n\t\t\t            <span class='date'>\r\n\r\n\t\t\t\t<i class='far fa-calendar-alt'><\/i>\t\t\t\t<a href=\"https:\/\/violaine-p.com\/index.php\/2023\/03\/31\/\">\r\n\t\t\t\t\t31 mars 2023\t\t\t\t<\/a>\r\n\t\t\t<\/span>\r\n\t\t\t            <span class='categories-links'>\r\n\t\t\t\t<i class='fas fa-folder-open'><\/i><a class=\"real-estate\" href=\"https:\/\/violaine-p.com\/index.php\/category\/real-estate\/\">Real Estate<\/a>\r\n\t\t\t<\/span>\r\n\t\t\t\t\t\t\t<\/div>\r\n\t\t\t\r\n\r\n\t\t\t\t\t\t\t<div class=\"tpg-excerpt tpg-el-excerpt\">\r\n\t\t\t\t\t\t\t\t\t\t\t<div class=\"tpg-excerpt-inner\">\r\n\t\t\t\t\t\t\tNich\u00e9e entre les montagnes et la mer M\u00e9diterran\u00e9e, Malaga est un joyau \u00e0 d\u00e9couvrir pour les investisseurs immobiliers. La ville a connu une magnifique renaissance, avec de nouveaux d\u00e9veloppements,  ...\t\t\t\t\t\t<\/div>\r\n\t\t\t\t\t\t\t\t\t\t\t\t\t\t<\/div>\r\n\t\t\t\r\n\t\t\t        <div class=\"post-footer\">\r\n            <div class=\"read-more\">\r\n\t\t\t\t<a data-id=\"512\" href=\"https:\/\/violaine-p.com\/index.php\/2023\/03\/31\/magnifique-malaga-une-renaissance-de-limmobilier\/\" class=\"tpg-post-link\" target=\"_self\">+<\/a>            <\/div>\r\n        <\/div>\r\n\t\t\t\t<\/div>\r\n\t<\/div>\r\n<\/div>\r\n            <\/div>\r\n\t\t\t\r\n        <\/div>\r\n\t\t\t\t<\/div>\n\t\t\t\t<\/div>\n\t\t\t\t\t<\/div>\n\t\t<\/div>\n\t\t\t\t\t\t\t<\/div>\n\t\t<\/section>\n\t\t\t\t\t\t\t<\/div>\n\t\t","protected":false},"excerpt":{"rendered":"<p>Magnifique Malaga : une renaissance de l&#8217;immobilier ! Vpeltier 31 mars 2023 Non class\u00e9 Nich\u00e9e entre les montagnes et la mer M\u00e9diterran\u00e9e, Malaga est un joyau \u00e0 d\u00e9couvrir pour les investisseurs immobiliers. La ville a connu une magnifique renaissance, avec de nouveaux d\u00e9veloppements, &#8230; +<\/p>\n","protected":false},"author":1,"featured_media":0,"parent":0,"menu_order":0,"comment_status":"closed","ping_status":"closed","template":"","meta":{"site-sidebar-layout":"no-sidebar","site-content-layout":"page-builder","ast-global-header-display":"","ast-main-header-display":"","ast-hfb-above-header-display":"","ast-hfb-below-header-display":"","ast-hfb-mobile-header-display":"","site-post-title":"disabled","ast-breadcrumbs-content":"","ast-featured-img":"disabled","footer-sml-layout":"","theme-transparent-header-meta":"","adv-header-id-meta":"","stick-header-meta":"","header-above-stick-meta":"","header-main-stick-meta":"","header-below-stick-meta":"","footnotes":""},"class_list":["post-530","page","type-page","status-publish","hentry"],"rttpg_featured_image_url":null,"rttpg_author":{"display_name":"Vpeltier","author_link":"https:\/\/violaine-p.com\/index.php\/author\/vpeltier\/"},"rttpg_comment":0,"rttpg_category":"","rttpg_excerpt":"Magnifique Malaga : une renaissance de l&#8217;immobilier ! Vpeltier 31 mars 2023 Non class\u00e9 Nich\u00e9e entre les montagnes et la mer M\u00e9diterran\u00e9e, Malaga est un joyau \u00e0 d\u00e9couvrir pour les investisseurs immobiliers. La ville a connu une magnifique renaissance, avec de nouveaux d\u00e9veloppements, &#8230; +","_links":{"self":[{"href":"https:\/\/violaine-p.com\/index.php\/wp-json\/wp\/v2\/pages\/530","targetHints":{"allow":["GET"]}}],"collection":[{"href":"https:\/\/violaine-p.com\/index.php\/wp-json\/wp\/v2\/pages"}],"about":[{"href":"https:\/\/violaine-p.com\/index.php\/wp-json\/wp\/v2\/types\/page"}],"author":[{"embeddable":true,"href":"https:\/\/violaine-p.com\/index.php\/wp-json\/wp\/v2\/users\/1"}],"replies":[{"embeddable":true,"href":"https:\/\/violaine-p.com\/index.php\/wp-json\/wp\/v2\/comments?post=530"}],"version-history":[{"count":10,"href":"https:\/\/violaine-p.com\/index.php\/wp-json\/wp\/v2\/pages\/530\/revisions"}],"predecessor-version":[{"id":555,"href":"https:\/\/violaine-p.com\/index.php\/wp-json\/wp\/v2\/pages\/530\/revisions\/555"}],"wp:attachment":[{"href":"https:\/\/violaine-p.com\/index.php\/wp-json\/wp\/v2\/media?parent=530"}],"curies":[{"name":"wp","href":"https:\/\/api.w.org\/{rel}","templated":true}]}}